{"id":48,"date":"2017-10-12T22:10:54","date_gmt":"2017-10-12T22:10:54","guid":{"rendered":"http:\/\/carnesrizzo.com\/?page_id=48"},"modified":"2017-10-18T13:10:28","modified_gmt":"2017-10-18T16:10:28","slug":"empresa-2","status":"publish","type":"page","link":"https:\/\/carnesrizzo.com\/?page_id=48","title":{"rendered":"Empresa"},"content":{"rendered":"<div class=\"tittle\">\n<h2>Nuestra Historia<\/h2>\n<\/div>\n<div class=\"container-in\">\n<p><strong>Carnes RIZZO<\/strong> es una empresa familiar en la que los herederos contin\u00faan la tradici\u00f3n que su padre, <strong>Jos\u00e9 Rizzo<\/strong>, ganadero y carnicero a la vez, inici\u00f3 hace m\u00e1s de 50 a\u00f1os.<br \/>\nBajo el concepto \u201cEl nombre de la carne en Mendoza\u201d las carnicer\u00edas RIZZO pretenden acercar los cortes y las carnes m\u00e1s tradicionales, hacernos disfrutar de la esencia m\u00e1s pura de las cosas, en este caso de las carnes m\u00e1s aut\u00e9nticas.<\/p>\n<p>Desde RIZZO se apuesta por la calidad, el control y una estricta trazabilidad alimentaria.<\/p>\n<\/div>\n","protected":false},"excerpt":{"rendered":"<p>Nuestra Historia Carnes RIZZO es una empresa familiar en la que los herederos contin\u00faan la tradici\u00f3n que su padre, Jos\u00e9 Rizzo, ganadero y carnicero a la vez, inici\u00f3 hace m\u00e1s de 50 a\u00f1os. Bajo el concepto \u201cEl nombre de la carne en Mendoza\u201d las carnicer\u00edas RIZZO pretenden acercar los cortes &#8230;<\/p>\n<p class=\"continue-reading-button\"> <a class=\"continue-reading-link\" href=\"https:\/\/carnesrizzo.com\/?page_id=48\">Continue reading<i class=\"crycon-right-dir\"><\/i><\/a><\/p>\n","protected":false},"author":1,"featured_media":0,"parent":0,"menu_order":0,"comment_status":"closed","ping_status":"open","template":"","meta":{"footnotes":""},"class_list":["post-48","page","type-page","status-publish","hentry"],"_links":{"self":[{"href":"https:\/\/carnesrizzo.com\/index.php?rest_route=\/wp\/v2\/pages\/48","targetHints":{"allow":["GET"]}}],"collection":[{"href":"https:\/\/carnesrizzo.com\/index.php?rest_route=\/wp\/v2\/pages"}],"about":[{"href":"https:\/\/carnesrizzo.com\/index.php?rest_route=\/wp\/v2\/types\/page"}],"author":[{"embeddable":true,"href":"https:\/\/carnesrizzo.com\/index.php?rest_route=\/wp\/v2\/users\/1"}],"replies":[{"embeddable":true,"href":"https:\/\/carnesrizzo.com\/index.php?rest_route=%2Fwp%2Fv2%2Fcomments&post=48"}],"version-history":[{"count":4,"href":"https:\/\/carnesrizzo.com\/index.php?rest_route=\/wp\/v2\/pages\/48\/revisions"}],"predecessor-version":[{"id":71,"href":"https:\/\/carnesrizzo.com\/index.php?rest_route=\/wp\/v2\/pages\/48\/revisions\/71"}],"wp:attachment":[{"href":"https:\/\/carnesrizzo.com\/index.php?rest_route=%2Fwp%2Fv2%2Fmedia&parent=48"}],"curies":[{"name":"wp","href":"https:\/\/api.w.org\/{rel}","templated":true}]}}